{"id":499,"date":"2021-03-10T17:53:39","date_gmt":"2021-03-10T16:53:39","guid":{"rendered":"https:\/\/bp-businesscoach.com\/?page_id=499"},"modified":"2021-03-10T18:09:52","modified_gmt":"2021-03-10T17:09:52","slug":"panier","status":"publish","type":"page","link":"https:\/\/bp-businesscoach.com\/index.php\/panier\/","title":{"rendered":"Panier"},"content":{"rendered":"<p>[et_pb_section fb_built=\u00a0\u00bb1&Prime; _builder_version=\u00a0\u00bb4.7.7&Prime; _module_preset=\u00a0\u00bbdefault\u00a0\u00bb][et_pb_row _builder_version=\u00a0\u00bb4.7.7&Prime; _module_preset=\u00a0\u00bbdefault\u00a0\u00bb][et_pb_column type=\u00a0\u00bb4_4&Prime; _builder_version=\u00a0\u00bb4.7.7&Prime; _module_preset=\u00a0\u00bbdefault\u00a0\u00bb][et_pb_text _builder_version=\u00a0\u00bb4.7.7&Prime; _module_preset=\u00a0\u00bbdefault\u00a0\u00bb hover_enabled=\u00a0\u00bb0&Prime; text_text_shadow_style=\u00a0\u00bbnone\u00a0\u00bb sticky_enabled=\u00a0\u00bb0&Prime;]<\/p>\n\n<p>[\/et_pb_text][\/et_pb_column][\/et_pb_row][\/et_pb_section]<\/p>\n","protected":false},"excerpt":{"rendered":"\n","protected":false},"author":3,"featured_media":0,"parent":0,"menu_order":0,"comment_status":"closed","ping_status":"closed","template":"","meta":{"_et_pb_use_builder":"on","_et_pb_old_content":"<!-- wp:divi\/placeholder \/-->","_et_gb_content_width":"","footnotes":""},"class_list":["post-499","page","type-page","status-publish","hentry"],"yoast_head":"<!-- This site is optimized with the Yoast SEO plugin v24.9 - https:\/\/yoast.com\/wordpress\/plugins\/seo\/ -->\n<title>Panier - Bruno Prouti\u00e8re Business Coach<\/title>\n<meta name=\"robots\" content=\"index, follow, max-snippet:-1, max-image-preview:large, max-video-preview:-1\" \/>\n<link rel=\"canonical\" href=\"https:\/\/bp-businesscoach.com\/index.php\/panier\/\" \/>\n<meta property=\"og:locale\" content=\"fr_FR\" \/>\n<meta property=\"og:type\" content=\"article\" \/>\n<meta property=\"og:title\" content=\"Panier - Bruno Prouti\u00e8re Business Coach\" \/>\n<meta property=\"og:description\" content=\"\u00a0\" \/>\n<meta property=\"og:url\" content=\"https:\/\/bp-businesscoach.com\/index.php\/panier\/\" \/>\n<meta property=\"og:site_name\" content=\"Bruno Prouti\u00e8re Business Coach\" \/>\n<meta property=\"article:modified_time\" content=\"2021-03-10T17:09:52+00:00\" \/>\n<meta name=\"twitter:card\" content=\"summary_large_image\" \/>\n<script type=\"application\/ld+json\" class=\"yoast-schema-graph\">{\"@context\":\"https:\/\/schema.org\",\"@graph\":[{\"@type\":\"WebPage\",\"@id\":\"https:\/\/bp-businesscoach.com\/index.php\/panier\/\",\"url\":\"https:\/\/bp-businesscoach.com\/index.php\/panier\/\",\"name\":\"Panier - Bruno Prouti\u00e8re Business Coach\",\"isPartOf\":{\"@id\":\"https:\/\/bp-businesscoach.com\/#website\"},\"datePublished\":\"2021-03-10T16:53:39+00:00\",\"dateModified\":\"2021-03-10T17:09:52+00:00\",\"breadcrumb\":{\"@id\":\"https:\/\/bp-businesscoach.com\/index.php\/panier\/#breadcrumb\"},\"inLanguage\":\"fr-FR\",\"potentialAction\":[{\"@type\":\"ReadAction\",\"target\":[\"https:\/\/bp-businesscoach.com\/index.php\/panier\/\"]}]},{\"@type\":\"BreadcrumbList\",\"@id\":\"https:\/\/bp-businesscoach.com\/index.php\/panier\/#breadcrumb\",\"itemListElement\":[{\"@type\":\"ListItem\",\"position\":1,\"name\":\"Accueil\",\"item\":\"https:\/\/bp-businesscoach.com\/\"},{\"@type\":\"ListItem\",\"position\":2,\"name\":\"Panier\"}]},{\"@type\":\"WebSite\",\"@id\":\"https:\/\/bp-businesscoach.com\/#website\",\"url\":\"https:\/\/bp-businesscoach.com\/\",\"name\":\"Bruno Prouti\u00e8re Business Coach\",\"description\":\"Accompagner les entrepreneurs dans leur \u00e9panouissement professionnels pour les aider \u00e0 booster leur business.\",\"potentialAction\":[{\"@type\":\"SearchAction\",\"target\":{\"@type\":\"EntryPoint\",\"urlTemplate\":\"https:\/\/bp-businesscoach.com\/?s={search_term_string}\"},\"query-input\":{\"@type\":\"PropertyValueSpecification\",\"valueRequired\":true,\"valueName\":\"search_term_string\"}}],\"inLanguage\":\"fr-FR\"}]}<\/script>\n<!-- \/ Yoast SEO plugin. -->","yoast_head_json":{"title":"Panier - Bruno Prouti\u00e8re Business Coach","robots":{"index":"index","follow":"follow","max-snippet":"max-snippet:-1","max-image-preview":"max-image-preview:large","max-video-preview":"max-video-preview:-1"},"canonical":"https:\/\/bp-businesscoach.com\/index.php\/panier\/","og_locale":"fr_FR","og_type":"article","og_title":"Panier - Bruno Prouti\u00e8re Business Coach","og_description":"\u00a0","og_url":"https:\/\/bp-businesscoach.com\/index.php\/panier\/","og_site_name":"Bruno Prouti\u00e8re Business Coach","article_modified_time":"2021-03-10T17:09:52+00:00","twitter_card":"summary_large_image","schema":{"@context":"https:\/\/schema.org","@graph":[{"@type":"WebPage","@id":"https:\/\/bp-businesscoach.com\/index.php\/panier\/","url":"https:\/\/bp-businesscoach.com\/index.php\/panier\/","name":"Panier - Bruno Prouti\u00e8re Business Coach","isPartOf":{"@id":"https:\/\/bp-businesscoach.com\/#website"},"datePublished":"2021-03-10T16:53:39+00:00","dateModified":"2021-03-10T17:09:52+00:00","breadcrumb":{"@id":"https:\/\/bp-businesscoach.com\/index.php\/panier\/#breadcrumb"},"inLanguage":"fr-FR","potentialAction":[{"@type":"ReadAction","target":["https:\/\/bp-businesscoach.com\/index.php\/panier\/"]}]},{"@type":"BreadcrumbList","@id":"https:\/\/bp-businesscoach.com\/index.php\/panier\/#breadcrumb","itemListElement":[{"@type":"ListItem","position":1,"name":"Accueil","item":"https:\/\/bp-businesscoach.com\/"},{"@type":"ListItem","position":2,"name":"Panier"}]},{"@type":"WebSite","@id":"https:\/\/bp-businesscoach.com\/#website","url":"https:\/\/bp-businesscoach.com\/","name":"Bruno Prouti\u00e8re Business Coach","description":"Accompagner les entrepreneurs dans leur \u00e9panouissement professionnels pour les aider \u00e0 booster leur business.","potentialAction":[{"@type":"SearchAction","target":{"@type":"EntryPoint","urlTemplate":"https:\/\/bp-businesscoach.com\/?s={search_term_string}"},"query-input":{"@type":"PropertyValueSpecification","valueRequired":true,"valueName":"search_term_string"}}],"inLanguage":"fr-FR"}]}},"_links":{"self":[{"href":"https:\/\/bp-businesscoach.com\/index.php\/wp-json\/wp\/v2\/pages\/499","targetHints":{"allow":["GET"]}}],"collection":[{"href":"https:\/\/bp-businesscoach.com\/index.php\/wp-json\/wp\/v2\/pages"}],"about":[{"href":"https:\/\/bp-businesscoach.com\/index.php\/wp-json\/wp\/v2\/types\/page"}],"author":[{"embeddable":true,"href":"https:\/\/bp-businesscoach.com\/index.php\/wp-json\/wp\/v2\/users\/3"}],"replies":[{"embeddable":true,"href":"https:\/\/bp-businesscoach.com\/index.php\/wp-json\/wp\/v2\/comments?post=499"}],"version-history":[{"count":4,"href":"https:\/\/bp-businesscoach.com\/index.php\/wp-json\/wp\/v2\/pages\/499\/revisions"}],"predecessor-version":[{"id":507,"href":"https:\/\/bp-businesscoach.com\/index.php\/wp-json\/wp\/v2\/pages\/499\/revisions\/507"}],"wp:attachment":[{"href":"https:\/\/bp-businesscoach.com\/index.php\/wp-json\/wp\/v2\/media?parent=499"}],"curies":[{"name":"wp","href":"https:\/\/api.w.org\/{rel}","templated":true}]}}