{"id":84,"date":"2020-12-26T15:34:14","date_gmt":"2020-12-26T14:34:14","guid":{"rendered":"https:\/\/bp-businesscoach.com\/?page_id=84"},"modified":"2020-12-29T10:26:47","modified_gmt":"2020-12-29T09:26:47","slug":"mentions-legales","status":"publish","type":"page","link":"https:\/\/bp-businesscoach.com\/index.php\/mentions-legales\/","title":{"rendered":"Mentions L\u00e9gales"},"content":{"rendered":"<p>[et_pb_section fb_built=\u00a0\u00bb1&Prime; _builder_version=\u00a0\u00bb4.7.7&Prime; _module_preset=\u00a0\u00bbdefault\u00a0\u00bb][et_pb_row _builder_version=\u00a0\u00bb4.7.7&Prime; _module_preset=\u00a0\u00bbdefault\u00a0\u00bb custom_padding=\u00a0\u00bb|||0px||\u00a0\u00bb][et_pb_column type=\u00a0\u00bb4_4&Prime; _builder_version=\u00a0\u00bb4.7.7&Prime; _module_preset=\u00a0\u00bbdefault\u00a0\u00bb][et_pb_text _builder_version=\u00a0\u00bb4.7.7&Prime; _module_preset=\u00a0\u00bbdefault\u00a0\u00bb width=\u00a0\u00bb99.9%\u00a0\u00bb custom_padding=\u00a0\u00bb|||0px||\u00a0\u00bb]<\/p>\n<h4><span style=\"font-size: x-large;\"><b>MENTIONS L\u00c9GALES<\/b><\/span><\/h4>\n<h4><span><\/span><\/h4>\n<h4><span><b>IDENTIT\u00c9\u00a0<\/b><\/span><\/h4>\n<h4><span><strong>ACCOMPAGNEMENT<\/strong> est une entreprise individuelle immatricul\u00e9e au R\u00e9pertoire des M\u00e9tiers sous le num\u00e9ro SIRET : 79090859400035<\/span><\/h4>\n<h4><span>Soci\u00e9t\u00e9 domicili\u00e9e \u00e0 : 12 route de Valr\u00e9as, 26130 Monts\u00e9gur-sur-Lauzon<\/span><\/h4>\n<h4><span><\/span><\/h4>\n<h4><span>Responsable de la publication : <strong>M. Bruno Prouti\u00e8re<\/strong><\/span><\/h4>\n<h4><span><b><\/b><\/span><\/h4>\n<h4><span><b>H\u00c9BERGEMENT<\/b><\/span><\/h4>\n<h4><span>Ce site web est h\u00e9berg\u00e9 par\u00a0<strong>OVH<\/strong>.<\/span><\/h4>\n<h4><span>OVH SAS au capital de 10 069 020 \u20ac<\/span><\/h4>\n<h4><span>Si\u00e8ge social : 2 rue Kellermann &#8211; 59100 Roubaix &#8211; France<\/span><\/h4>\n<h4><span><\/span><\/h4>\n<h4><span><b>CR\u00c9DITS IMAGES<\/b><\/span><\/h4>\n<h4><span>Les images de ce site tir\u00e9es de banques d&rsquo;images libres de droit le restent pour toute utilisation.<\/span><\/h4>\n<h4><span>Les images de ce site cr\u00e9\u00e9es par <strong>Bruno Prouti\u00e8re<\/strong> restent sa propri\u00e9t\u00e9 et ne sont pas libres de droit pour toute utilisation commerciale. Pour toute utilisation non-commerciale, merci de cr\u00e9diter.<\/span><\/h4>\n<h4><span><\/span><\/h4>\n<h4><span><b>CR\u00c9DITS TEXTES<\/b><\/span><\/h4>\n<h4><span>Ce site internet propose des articles de blog.<\/span><\/h4>\n<h4><span>Vous n&rsquo;\u00eates pas autoris\u00e9s \u00e0 recopier, reproduire ou modifier ces articles de blog. Pour toute citation, merci de citer votre source.<\/span><\/h4>\n<h4><span><\/span><\/h4>\n<h4><span><b>OBJECTIFS ET QUALIT\u00c9 DES CONTENUS<\/b><\/span><\/h4>\n<h4><span>Ce site a pour objectif de promouvoir la marque <strong>BPBusinessCoach<\/strong> et l\u2019entreprise <strong>Eurl Accompagnement<\/strong>.<\/span><\/h4>\n<h4><span><\/span><\/h4>\n<h4><span><strong>Bruno Prouti\u00e8re<\/strong> est coach professionnel et partage ses connaissances et exp\u00e9riences. Avant toute r\u00e9daction d&rsquo;article, un travail de recherche approfondi est effectu\u00e9. Cependant <strong>Bruno Prouti\u00e8re<\/strong> ne saurait \u00eatre tenue responsable pour toute information erron\u00e9e ou obsol\u00e8te pr\u00e9sente sur le site internet.\u00a0<\/span><\/h4>\n<p>[\/et_pb_text][\/et_pb_column][\/et_pb_row][\/et_pb_section]<\/p>\n","protected":false},"excerpt":{"rendered":"<p>MENTIONS L\u00c9GALES IDENTIT\u00c9\u00a0 ACCOMPAGNEMENT est une entreprise individuelle immatricul\u00e9e au R\u00e9pertoire des M\u00e9tiers sous le num\u00e9ro SIRET : 79090859400035 Soci\u00e9t\u00e9 domicili\u00e9e \u00e0 : 12 route de Valr\u00e9as, 26130 Monts\u00e9gur-sur-Lauzon Responsable de la publication : M. Bruno Prouti\u00e8re H\u00c9BERGEMENT Ce site web est h\u00e9berg\u00e9 par\u00a0OVH. OVH SAS au capital de 10 069 020 \u20ac Si\u00e8ge social [&hellip;]<\/p>\n","protected":false},"author":2,"featured_media":0,"parent":0,"menu_order":0,"comment_status":"closed","ping_status":"closed","template":"","meta":{"_et_pb_use_builder":"on","_et_pb_old_content":"","_et_gb_content_width":"","footnotes":""},"class_list":["post-84","page","type-page","status-publish","hentry"],"yoast_head":"<!-- This site is optimized with the Yoast SEO plugin v24.9 - https:\/\/yoast.com\/wordpress\/plugins\/seo\/ -->\n<title>Mentions L\u00e9gales - Bruno Prouti\u00e8re Business Coach<\/title>\n<meta name=\"robots\" content=\"index, follow, max-snippet:-1, max-image-preview:large, max-video-preview:-1\" \/>\n<link rel=\"canonical\" href=\"https:\/\/bp-businesscoach.com\/index.php\/mentions-legales\/\" \/>\n<meta property=\"og:locale\" content=\"fr_FR\" \/>\n<meta property=\"og:type\" content=\"article\" \/>\n<meta property=\"og:title\" content=\"Mentions L\u00e9gales - Bruno Prouti\u00e8re Business Coach\" \/>\n<meta property=\"og:description\" content=\"MENTIONS L\u00c9GALES IDENTIT\u00c9\u00a0 ACCOMPAGNEMENT est une entreprise individuelle immatricul\u00e9e au R\u00e9pertoire des M\u00e9tiers sous le num\u00e9ro SIRET : 79090859400035 Soci\u00e9t\u00e9 domicili\u00e9e \u00e0 : 12 route de Valr\u00e9as, 26130 Monts\u00e9gur-sur-Lauzon Responsable de la publication : M. Bruno Prouti\u00e8re H\u00c9BERGEMENT Ce site web est h\u00e9berg\u00e9 par\u00a0OVH. OVH SAS au capital de 10 069 020 \u20ac Si\u00e8ge social [&hellip;]\" \/>\n<meta property=\"og:url\" content=\"https:\/\/bp-businesscoach.com\/index.php\/mentions-legales\/\" \/>\n<meta property=\"og:site_name\" content=\"Bruno Prouti\u00e8re Business Coach\" \/>\n<meta property=\"article:modified_time\" content=\"2020-12-29T09:26:47+00:00\" \/>\n<meta name=\"twitter:card\" content=\"summary_large_image\" \/>\n<meta name=\"twitter:label1\" content=\"Dur\u00e9e de lecture estim\u00e9e\" \/>\n\t<meta name=\"twitter:data1\" content=\"1 minute\" \/>\n<script type=\"application\/ld+json\" class=\"yoast-schema-graph\">{\"@context\":\"https:\/\/schema.org\",\"@graph\":[{\"@type\":\"WebPage\",\"@id\":\"https:\/\/bp-businesscoach.com\/index.php\/mentions-legales\/\",\"url\":\"https:\/\/bp-businesscoach.com\/index.php\/mentions-legales\/\",\"name\":\"Mentions L\u00e9gales - Bruno Prouti\u00e8re Business Coach\",\"isPartOf\":{\"@id\":\"https:\/\/bp-businesscoach.com\/#website\"},\"datePublished\":\"2020-12-26T14:34:14+00:00\",\"dateModified\":\"2020-12-29T09:26:47+00:00\",\"breadcrumb\":{\"@id\":\"https:\/\/bp-businesscoach.com\/index.php\/mentions-legales\/#breadcrumb\"},\"inLanguage\":\"fr-FR\",\"potentialAction\":[{\"@type\":\"ReadAction\",\"target\":[\"https:\/\/bp-businesscoach.com\/index.php\/mentions-legales\/\"]}]},{\"@type\":\"BreadcrumbList\",\"@id\":\"https:\/\/bp-businesscoach.com\/index.php\/mentions-legales\/#breadcrumb\",\"itemListElement\":[{\"@type\":\"ListItem\",\"position\":1,\"name\":\"Accueil\",\"item\":\"https:\/\/bp-businesscoach.com\/\"},{\"@type\":\"ListItem\",\"position\":2,\"name\":\"Mentions L\u00e9gales\"}]},{\"@type\":\"WebSite\",\"@id\":\"https:\/\/bp-businesscoach.com\/#website\",\"url\":\"https:\/\/bp-businesscoach.com\/\",\"name\":\"Bruno Prouti\u00e8re Business Coach\",\"description\":\"Accompagner les entrepreneurs dans leur \u00e9panouissement professionnels pour les aider \u00e0 booster leur business.\",\"potentialAction\":[{\"@type\":\"SearchAction\",\"target\":{\"@type\":\"EntryPoint\",\"urlTemplate\":\"https:\/\/bp-businesscoach.com\/?s={search_term_string}\"},\"query-input\":{\"@type\":\"PropertyValueSpecification\",\"valueRequired\":true,\"valueName\":\"search_term_string\"}}],\"inLanguage\":\"fr-FR\"}]}<\/script>\n<!-- \/ Yoast SEO plugin. -->","yoast_head_json":{"title":"Mentions L\u00e9gales - Bruno Prouti\u00e8re Business Coach","robots":{"index":"index","follow":"follow","max-snippet":"max-snippet:-1","max-image-preview":"max-image-preview:large","max-video-preview":"max-video-preview:-1"},"canonical":"https:\/\/bp-businesscoach.com\/index.php\/mentions-legales\/","og_locale":"fr_FR","og_type":"article","og_title":"Mentions L\u00e9gales - Bruno Prouti\u00e8re Business Coach","og_description":"MENTIONS L\u00c9GALES IDENTIT\u00c9\u00a0 ACCOMPAGNEMENT est une entreprise individuelle immatricul\u00e9e au R\u00e9pertoire des M\u00e9tiers sous le num\u00e9ro SIRET : 79090859400035 Soci\u00e9t\u00e9 domicili\u00e9e \u00e0 : 12 route de Valr\u00e9as, 26130 Monts\u00e9gur-sur-Lauzon Responsable de la publication : M. Bruno Prouti\u00e8re H\u00c9BERGEMENT Ce site web est h\u00e9berg\u00e9 par\u00a0OVH. OVH SAS au capital de 10 069 020 \u20ac Si\u00e8ge social [&hellip;]","og_url":"https:\/\/bp-businesscoach.com\/index.php\/mentions-legales\/","og_site_name":"Bruno Prouti\u00e8re Business Coach","article_modified_time":"2020-12-29T09:26:47+00:00","twitter_card":"summary_large_image","twitter_misc":{"Dur\u00e9e de lecture estim\u00e9e":"1 minute"},"schema":{"@context":"https:\/\/schema.org","@graph":[{"@type":"WebPage","@id":"https:\/\/bp-businesscoach.com\/index.php\/mentions-legales\/","url":"https:\/\/bp-businesscoach.com\/index.php\/mentions-legales\/","name":"Mentions L\u00e9gales - Bruno Prouti\u00e8re Business Coach","isPartOf":{"@id":"https:\/\/bp-businesscoach.com\/#website"},"datePublished":"2020-12-26T14:34:14+00:00","dateModified":"2020-12-29T09:26:47+00:00","breadcrumb":{"@id":"https:\/\/bp-businesscoach.com\/index.php\/mentions-legales\/#breadcrumb"},"inLanguage":"fr-FR","potentialAction":[{"@type":"ReadAction","target":["https:\/\/bp-businesscoach.com\/index.php\/mentions-legales\/"]}]},{"@type":"BreadcrumbList","@id":"https:\/\/bp-businesscoach.com\/index.php\/mentions-legales\/#breadcrumb","itemListElement":[{"@type":"ListItem","position":1,"name":"Accueil","item":"https:\/\/bp-businesscoach.com\/"},{"@type":"ListItem","position":2,"name":"Mentions L\u00e9gales"}]},{"@type":"WebSite","@id":"https:\/\/bp-businesscoach.com\/#website","url":"https:\/\/bp-businesscoach.com\/","name":"Bruno Prouti\u00e8re Business Coach","description":"Accompagner les entrepreneurs dans leur \u00e9panouissement professionnels pour les aider \u00e0 booster leur business.","potentialAction":[{"@type":"SearchAction","target":{"@type":"EntryPoint","urlTemplate":"https:\/\/bp-businesscoach.com\/?s={search_term_string}"},"query-input":{"@type":"PropertyValueSpecification","valueRequired":true,"valueName":"search_term_string"}}],"inLanguage":"fr-FR"}]}},"_links":{"self":[{"href":"https:\/\/bp-businesscoach.com\/index.php\/wp-json\/wp\/v2\/pages\/84","targetHints":{"allow":["GET"]}}],"collection":[{"href":"https:\/\/bp-businesscoach.com\/index.php\/wp-json\/wp\/v2\/pages"}],"about":[{"href":"https:\/\/bp-businesscoach.com\/index.php\/wp-json\/wp\/v2\/types\/page"}],"author":[{"embeddable":true,"href":"https:\/\/bp-businesscoach.com\/index.php\/wp-json\/wp\/v2\/users\/2"}],"replies":[{"embeddable":true,"href":"https:\/\/bp-businesscoach.com\/index.php\/wp-json\/wp\/v2\/comments?post=84"}],"version-history":[{"count":7,"href":"https:\/\/bp-businesscoach.com\/index.php\/wp-json\/wp\/v2\/pages\/84\/revisions"}],"predecessor-version":[{"id":161,"href":"https:\/\/bp-businesscoach.com\/index.php\/wp-json\/wp\/v2\/pages\/84\/revisions\/161"}],"wp:attachment":[{"href":"https:\/\/bp-businesscoach.com\/index.php\/wp-json\/wp\/v2\/media?parent=84"}],"curies":[{"name":"wp","href":"https:\/\/api.w.org\/{rel}","templated":true}]}}