{"id":423,"date":"2021-02-26T14:36:40","date_gmt":"2021-02-26T13:36:40","guid":{"rendered":"https:\/\/bp-businesscoach.com\/?post_type=product&#038;p=423"},"modified":"2023-08-09T16:52:07","modified_gmt":"2023-08-09T14:52:07","slug":"je-prends-confiance-et-je-passe-a-laction","status":"publish","type":"product","link":"https:\/\/bp-businesscoach.com\/index.php\/produit\/je-prends-confiance-et-je-passe-a-laction\/","title":{"rendered":"Je prends confiance et je passe \u00e0 l&rsquo;action !"},"content":{"rendered":"<p>[et_pb_section fb_built=\u00a0\u00bb1&Prime; _builder_version=\u00a0\u00bb3.22&Prime; custom_padding=\u00a0\u00bb0px||||false|false\u00a0\u00bb][et_pb_row _builder_version=\u00a0\u00bb3.25&Prime; background_size=\u00a0\u00bbinitial\u00a0\u00bb background_position=\u00a0\u00bbtop_left\u00a0\u00bb background_repeat=\u00a0\u00bbrepeat\u00a0\u00bb width=\u00a0\u00bb100%\u00a0\u00bb custom_padding=\u00a0\u00bb0px||0px||false|false\u00a0\u00bb][et_pb_column type=\u00a0\u00bb4_4&Prime; _builder_version=\u00a0\u00bb3.25&Prime; custom_padding=\u00a0\u00bb|||\u00a0\u00bb custom_padding__hover=\u00a0\u00bb|||\u00a0\u00bb][et_pb_wc_breadcrumb _builder_version=\u00a0\u00bb3.0.47&Prime;][\/et_pb_wc_breadcrumb][et_pb_wc_cart_notice _builder_version=\u00a0\u00bb4.7.7&Prime; background_color=\u00a0\u00bb#0400f0&Prime; custom_button=\u00a0\u00bbon\u00a0\u00bb button_text_color=\u00a0\u00bb#e06100&Prime;][\/et_pb_wc_cart_notice][\/et_pb_column][\/et_pb_row][et_pb_row column_structure=\u00a0\u00bb1_2,1_2&Prime; _builder_version=\u00a0\u00bb3.25&Prime; background_size=\u00a0\u00bbinitial\u00a0\u00bb background_position=\u00a0\u00bbtop_left\u00a0\u00bb background_repeat=\u00a0\u00bbrepeat\u00a0\u00bb width=\u00a0\u00bb100%\u00a0\u00bb custom_padding=\u00a0\u00bb0px||||false|false\u00a0\u00bb][et_pb_column type=\u00a0\u00bb1_2&Prime; _builder_version=\u00a0\u00bb3.25&Prime; custom_padding=\u00a0\u00bb|||\u00a0\u00bb custom_padding__hover=\u00a0\u00bb|||\u00a0\u00bb][et_pb_wc_images sale_badge_color=\u00a0\u00bb#e06100&Prime; _builder_version=\u00a0\u00bb4.7.7&Prime;][\/et_pb_wc_images][\/et_pb_column][et_pb_column type=\u00a0\u00bb1_2&Prime; _builder_version=\u00a0\u00bb3.25&Prime; custom_padding=\u00a0\u00bb|||\u00a0\u00bb custom_padding__hover=\u00a0\u00bb|||\u00a0\u00bb][et_pb_wc_title _builder_version=\u00a0\u00bb3.0.47&Prime;][\/et_pb_wc_title][et_pb_wc_rating _builder_version=\u00a0\u00bb4.7.7&Prime; rating_text_color=\u00a0\u00bb#0400f0&Prime; body_text_color=\u00a0\u00bb#474747&Prime;][\/et_pb_wc_rating][et_pb_wc_price _builder_version=\u00a0\u00bb4.7.7&Prime; body_text_color=\u00a0\u00bb#0038f0&Prime;][\/et_pb_wc_price][et_pb_wc_description _builder_version=\u00a0\u00bb3.0.47&Prime;][\/et_pb_wc_description][et_pb_wc_add_to_cart _builder_version=\u00a0\u00bb3.0.47&Prime;][\/et_pb_wc_add_to_cart][et_pb_wc_meta _builder_version=\u00a0\u00bb4.7.7&Prime; body_text_color=\u00a0\u00bb#474747&Prime;][\/et_pb_wc_meta][\/et_pb_column][\/et_pb_row][et_pb_row _builder_version=\u00a0\u00bb3.25&Prime; background_size=\u00a0\u00bbinitial\u00a0\u00bb background_position=\u00a0\u00bbtop_left\u00a0\u00bb background_repeat=\u00a0\u00bbrepeat\u00a0\u00bb width=\u00a0\u00bb100%\u00a0\u00bb][et_pb_column type=\u00a0\u00bb4_4&Prime; _builder_version=\u00a0\u00bb3.25&Prime; custom_padding=\u00a0\u00bb|||\u00a0\u00bb custom_padding__hover=\u00a0\u00bb|||\u00a0\u00bb][et_pb_wc_tabs _builder_version=\u00a0\u00bb4.7.7&Prime; body_font_size=\u00a0\u00bb17px\u00a0\u00bb]\t\t\t\t\t[\/et_pb_wc_tabs][et_pb_wc_upsells _builder_version=\u00a0\u00bb3.0.47&Prime;][\/et_pb_wc_upsells][et_pb_wc_related_products sale_badge_color=\u00a0\u00bb#e06100&Prime; _builder_version=\u00a0\u00bb4.7.7&Prime; title_font=\u00a0\u00bbMontserrat||||||||\u00a0\u00bb title_font_size=\u00a0\u00bb21px\u00a0\u00bb product_title_font_size=\u00a0\u00bb18px\u00a0\u00bb][\/et_pb_wc_related_products][\/et_pb_column][\/et_pb_row][\/et_pb_section]<\/p>\n","protected":false},"excerpt":{"rendered":"<p>Ce livre rassemble 15 exercices pratiques \u00e0 r\u00e9aliser pour booster sa confiance en soi. Apprenez \u00e0 vous revalorise et \u00e0 vous appr\u00e9cier.<\/p>\n","protected":false},"featured_media":587,"comment_status":"open","ping_status":"closed","template":"","meta":{"_et_pb_use_builder":"on","_et_pb_old_content":"Ce livre rassemble 15 exercices pratiques \u00e0 r\u00e9aliser pour booster sa confiance en soi. Apprenez \u00e0 vous revalorise et \u00e0 vous appr\u00e9cier.","_et_gb_content_width":""},"product_cat":[24],"product_tag":[26,25],"class_list":["post-423","product","type-product","status-publish","has-post-thumbnail","hentry","product_cat-livres","product_tag-communication","product_tag-livres"],"yoast_head":"<!-- This site is optimized with the Yoast SEO plugin v24.9 - https:\/\/yoast.com\/wordpress\/plugins\/seo\/ -->\n<title>Je prends confiance et je passe \u00e0 l&#039;action ! - Bruno Prouti\u00e8re Business Coach<\/title>\n<meta name=\"description\" content=\"Ce livre rassemble 15 exercices pratiques \u00e0 r\u00e9aliser pour booster sa confiance en soi. Apprenez \u00e0 vous revalorise et \u00e0 vous appr\u00e9cier.\" \/>\n<meta name=\"robots\" content=\"index, follow, max-snippet:-1, max-image-preview:large, max-video-preview:-1\" \/>\n<link rel=\"canonical\" href=\"https:\/\/bp-businesscoach.com\/index.php\/produit\/je-prends-confiance-et-je-passe-a-laction\/\" \/>\n<meta property=\"og:locale\" content=\"fr_FR\" \/>\n<meta property=\"og:type\" content=\"article\" \/>\n<meta property=\"og:title\" content=\"Je prends confiance et je passe \u00e0 l&#039;action ! - Bruno Prouti\u00e8re Business Coach\" \/>\n<meta property=\"og:description\" content=\"Ce livre rassemble 15 exercices pratiques \u00e0 r\u00e9aliser pour booster sa confiance en soi. Apprenez \u00e0 vous revalorise et \u00e0 vous appr\u00e9cier.\" \/>\n<meta property=\"og:url\" content=\"https:\/\/bp-businesscoach.com\/index.php\/produit\/je-prends-confiance-et-je-passe-a-laction\/\" \/>\n<meta property=\"og:site_name\" content=\"Bruno Prouti\u00e8re Business Coach\" \/>\n<meta property=\"article:modified_time\" content=\"2023-08-09T14:52:07+00:00\" \/>\n<meta property=\"og:image\" content=\"https:\/\/bp-businesscoach.com\/wp-content\/uploads\/2021\/04\/livres-02.jpg\" \/>\n\t<meta property=\"og:image:width\" content=\"720\" \/>\n\t<meta property=\"og:image:height\" content=\"720\" \/>\n\t<meta property=\"og:image:type\" content=\"image\/jpeg\" \/>\n<meta name=\"twitter:card\" content=\"summary_large_image\" \/>\n<meta name=\"twitter:label1\" content=\"Dur\u00e9e de lecture estim\u00e9e\" \/>\n\t<meta name=\"twitter:data1\" content=\"2 minutes\" \/>\n<script type=\"application\/ld+json\" class=\"yoast-schema-graph\">{\"@context\":\"https:\/\/schema.org\",\"@graph\":[{\"@type\":\"WebPage\",\"@id\":\"https:\/\/bp-businesscoach.com\/index.php\/produit\/je-prends-confiance-et-je-passe-a-laction\/\",\"url\":\"https:\/\/bp-businesscoach.com\/index.php\/produit\/je-prends-confiance-et-je-passe-a-laction\/\",\"name\":\"Je prends confiance et je passe \u00e0 l'action ! - Bruno Prouti\u00e8re Business Coach\",\"isPartOf\":{\"@id\":\"https:\/\/bp-businesscoach.com\/#website\"},\"primaryImageOfPage\":{\"@id\":\"https:\/\/bp-businesscoach.com\/index.php\/produit\/je-prends-confiance-et-je-passe-a-laction\/#primaryimage\"},\"image\":{\"@id\":\"https:\/\/bp-businesscoach.com\/index.php\/produit\/je-prends-confiance-et-je-passe-a-laction\/#primaryimage\"},\"thumbnailUrl\":\"https:\/\/bp-businesscoach.com\/wp-content\/uploads\/2021\/04\/livres-02.jpg\",\"datePublished\":\"2021-02-26T13:36:40+00:00\",\"dateModified\":\"2023-08-09T14:52:07+00:00\",\"description\":\"Ce livre rassemble 15 exercices pratiques \u00e0 r\u00e9aliser pour booster sa confiance en soi. Apprenez \u00e0 vous revalorise et \u00e0 vous appr\u00e9cier.\",\"breadcrumb\":{\"@id\":\"https:\/\/bp-businesscoach.com\/index.php\/produit\/je-prends-confiance-et-je-passe-a-laction\/#breadcrumb\"},\"inLanguage\":\"fr-FR\",\"potentialAction\":[{\"@type\":\"ReadAction\",\"target\":[\"https:\/\/bp-businesscoach.com\/index.php\/produit\/je-prends-confiance-et-je-passe-a-laction\/\"]}]},{\"@type\":\"ImageObject\",\"inLanguage\":\"fr-FR\",\"@id\":\"https:\/\/bp-businesscoach.com\/index.php\/produit\/je-prends-confiance-et-je-passe-a-laction\/#primaryimage\",\"url\":\"https:\/\/bp-businesscoach.com\/wp-content\/uploads\/2021\/04\/livres-02.jpg\",\"contentUrl\":\"https:\/\/bp-businesscoach.com\/wp-content\/uploads\/2021\/04\/livres-02.jpg\",\"width\":720,\"height\":720},{\"@type\":\"BreadcrumbList\",\"@id\":\"https:\/\/bp-businesscoach.com\/index.php\/produit\/je-prends-confiance-et-je-passe-a-laction\/#breadcrumb\",\"itemListElement\":[{\"@type\":\"ListItem\",\"position\":1,\"name\":\"Accueil\",\"item\":\"https:\/\/bp-businesscoach.com\/\"},{\"@type\":\"ListItem\",\"position\":2,\"name\":\"Boutique\",\"item\":\"https:\/\/bp-businesscoach.com\/index.php\/boutique\/\"},{\"@type\":\"ListItem\",\"position\":3,\"name\":\"Je prends confiance et je passe \u00e0 l&rsquo;action !\"}]},{\"@type\":\"WebSite\",\"@id\":\"https:\/\/bp-businesscoach.com\/#website\",\"url\":\"https:\/\/bp-businesscoach.com\/\",\"name\":\"Bruno Prouti\u00e8re Business Coach\",\"description\":\"Accompagner les entrepreneurs dans leur \u00e9panouissement professionnels pour les aider \u00e0 booster leur business.\",\"potentialAction\":[{\"@type\":\"SearchAction\",\"target\":{\"@type\":\"EntryPoint\",\"urlTemplate\":\"https:\/\/bp-businesscoach.com\/?s={search_term_string}\"},\"query-input\":{\"@type\":\"PropertyValueSpecification\",\"valueRequired\":true,\"valueName\":\"search_term_string\"}}],\"inLanguage\":\"fr-FR\"}]}<\/script>\n<!-- \/ Yoast SEO plugin. -->","yoast_head_json":{"title":"Je prends confiance et je passe \u00e0 l'action ! - Bruno Prouti\u00e8re Business Coach","description":"Ce livre rassemble 15 exercices pratiques \u00e0 r\u00e9aliser pour booster sa confiance en soi. Apprenez \u00e0 vous revalorise et \u00e0 vous appr\u00e9cier.","robots":{"index":"index","follow":"follow","max-snippet":"max-snippet:-1","max-image-preview":"max-image-preview:large","max-video-preview":"max-video-preview:-1"},"canonical":"https:\/\/bp-businesscoach.com\/index.php\/produit\/je-prends-confiance-et-je-passe-a-laction\/","og_locale":"fr_FR","og_type":"article","og_title":"Je prends confiance et je passe \u00e0 l'action ! - Bruno Prouti\u00e8re Business Coach","og_description":"Ce livre rassemble 15 exercices pratiques \u00e0 r\u00e9aliser pour booster sa confiance en soi. Apprenez \u00e0 vous revalorise et \u00e0 vous appr\u00e9cier.","og_url":"https:\/\/bp-businesscoach.com\/index.php\/produit\/je-prends-confiance-et-je-passe-a-laction\/","og_site_name":"Bruno Prouti\u00e8re Business Coach","article_modified_time":"2023-08-09T14:52:07+00:00","og_image":[{"width":720,"height":720,"url":"https:\/\/bp-businesscoach.com\/wp-content\/uploads\/2021\/04\/livres-02.jpg","type":"image\/jpeg"}],"twitter_card":"summary_large_image","twitter_misc":{"Dur\u00e9e de lecture estim\u00e9e":"2 minutes"},"schema":{"@context":"https:\/\/schema.org","@graph":[{"@type":"WebPage","@id":"https:\/\/bp-businesscoach.com\/index.php\/produit\/je-prends-confiance-et-je-passe-a-laction\/","url":"https:\/\/bp-businesscoach.com\/index.php\/produit\/je-prends-confiance-et-je-passe-a-laction\/","name":"Je prends confiance et je passe \u00e0 l'action ! - Bruno Prouti\u00e8re Business Coach","isPartOf":{"@id":"https:\/\/bp-businesscoach.com\/#website"},"primaryImageOfPage":{"@id":"https:\/\/bp-businesscoach.com\/index.php\/produit\/je-prends-confiance-et-je-passe-a-laction\/#primaryimage"},"image":{"@id":"https:\/\/bp-businesscoach.com\/index.php\/produit\/je-prends-confiance-et-je-passe-a-laction\/#primaryimage"},"thumbnailUrl":"https:\/\/bp-businesscoach.com\/wp-content\/uploads\/2021\/04\/livres-02.jpg","datePublished":"2021-02-26T13:36:40+00:00","dateModified":"2023-08-09T14:52:07+00:00","description":"Ce livre rassemble 15 exercices pratiques \u00e0 r\u00e9aliser pour booster sa confiance en soi. Apprenez \u00e0 vous revalorise et \u00e0 vous appr\u00e9cier.","breadcrumb":{"@id":"https:\/\/bp-businesscoach.com\/index.php\/produit\/je-prends-confiance-et-je-passe-a-laction\/#breadcrumb"},"inLanguage":"fr-FR","potentialAction":[{"@type":"ReadAction","target":["https:\/\/bp-businesscoach.com\/index.php\/produit\/je-prends-confiance-et-je-passe-a-laction\/"]}]},{"@type":"ImageObject","inLanguage":"fr-FR","@id":"https:\/\/bp-businesscoach.com\/index.php\/produit\/je-prends-confiance-et-je-passe-a-laction\/#primaryimage","url":"https:\/\/bp-businesscoach.com\/wp-content\/uploads\/2021\/04\/livres-02.jpg","contentUrl":"https:\/\/bp-businesscoach.com\/wp-content\/uploads\/2021\/04\/livres-02.jpg","width":720,"height":720},{"@type":"BreadcrumbList","@id":"https:\/\/bp-businesscoach.com\/index.php\/produit\/je-prends-confiance-et-je-passe-a-laction\/#breadcrumb","itemListElement":[{"@type":"ListItem","position":1,"name":"Accueil","item":"https:\/\/bp-businesscoach.com\/"},{"@type":"ListItem","position":2,"name":"Boutique","item":"https:\/\/bp-businesscoach.com\/index.php\/boutique\/"},{"@type":"ListItem","position":3,"name":"Je prends confiance et je passe \u00e0 l&rsquo;action !"}]},{"@type":"WebSite","@id":"https:\/\/bp-businesscoach.com\/#website","url":"https:\/\/bp-businesscoach.com\/","name":"Bruno Prouti\u00e8re Business Coach","description":"Accompagner les entrepreneurs dans leur \u00e9panouissement professionnels pour les aider \u00e0 booster leur business.","potentialAction":[{"@type":"SearchAction","target":{"@type":"EntryPoint","urlTemplate":"https:\/\/bp-businesscoach.com\/?s={search_term_string}"},"query-input":{"@type":"PropertyValueSpecification","valueRequired":true,"valueName":"search_term_string"}}],"inLanguage":"fr-FR"}]}},"_links":{"self":[{"href":"https:\/\/bp-businesscoach.com\/index.php\/wp-json\/wp\/v3\/product\/423","targetHints":{"allow":["GET"]}}],"collection":[{"href":"https:\/\/bp-businesscoach.com\/index.php\/wp-json\/wp\/v3\/product"}],"about":[{"href":"https:\/\/bp-businesscoach.com\/index.php\/wp-json\/wp\/v2\/types\/product"}],"replies":[{"embeddable":true,"href":"https:\/\/bp-businesscoach.com\/index.php\/wp-json\/wp\/v2\/comments?post=423"}],"wp:featuredmedia":[{"embeddable":true,"href":"https:\/\/bp-businesscoach.com\/index.php\/wp-json\/wp\/v2\/media\/587"}],"wp:attachment":[{"href":"https:\/\/bp-businesscoach.com\/index.php\/wp-json\/wp\/v2\/media?parent=423"}],"wp:term":[{"taxonomy":"product_cat","embeddable":true,"href":"https:\/\/bp-businesscoach.com\/index.php\/wp-json\/wp\/v2\/product_cat?post=423"},{"taxonomy":"product_tag","embeddable":true,"href":"https:\/\/bp-businesscoach.com\/index.php\/wp-json\/wp\/v2\/product_tag?post=423"}],"curies":[{"name":"wp","href":"https:\/\/api.w.org\/{rel}","templated":true}]}}